{"id":358,"date":"2025-04-02T15:36:33","date_gmt":"2025-04-02T19:36:33","guid":{"rendered":"https:\/\/anicinabe.wpenginepowered.com\/?page_id=358"},"modified":"2025-06-17T09:25:15","modified_gmt":"2025-06-17T13:25:15","slug":"accessibility-policy","status":"publish","type":"page","link":"https:\/\/anicinabemikana.ca\/fr\/accessibility-policy\/","title":{"rendered":"Politique d'accessibilit\u00e9"},"content":{"rendered":"<p><div class=\"fusion-fullwidth fullwidth-box fusion-builder-row-1 fusion-flex-container has-pattern-background has-mask-background nonhundred-percent-fullwidth non-hundred-percent-height-scrolling intro-section\" style=\"--awb-border-radius-top-left:0px;--awb-border-radius-top-right:0px;--awb-border-radius-bottom-right:0px;--awb-border-radius-bottom-left:0px;--awb-padding-top:120px;--awb-padding-bottom:60px;--awb-background-color:#fff3d9;--awb-flex-wrap:wrap;\" ><div class=\"fusion-builder-row fusion-row fusion-flex-align-items-flex-start fusion-flex-content-wrap\" style=\"max-width:1248px;margin-left: calc(-4% \/ 2 );margin-right: calc(-4% \/ 2 );\"><div class=\"fusion-layout-column fusion_builder_column fusion-builder-column-0 fusion_builder_column_3_5 3_5 fusion-flex-column intro-column\" style=\"--awb-z-index:50;--awb-z-index-hover:50;--awb-bg-size:cover;--awb-width-large:60%;--awb-margin-top-large:0px;--awb-spacing-right-large:3.2%;--awb-margin-bottom-large:0px;--awb-spacing-left-large:3.2%;--awb-width-medium:100%;--awb-order-medium:0;--awb-spacing-right-medium:1.92%;--awb-spacing-left-medium:1.92%;--awb-width-small:100%;--awb-order-small:0;--awb-spacing-right-small:1.92%;--awb-spacing-left-small:1.92%;\"><div class=\"fusion-column-wrapper fusion-column-has-shadow fusion-flex-justify-content-flex-start fusion-content-layout-column\"><nav class=\"fusion-breadcrumbs awb-yoast-breadcrumbs fusion-breadcrumbs-1\" style=\"--awb-breadcrumb-sep:&#039;\/&#039;;\" aria-label=\"Breadcrumb\"><ol class=\"awb-breadcrumb-list\"><li class=\"fusion-breadcrumb-item awb-breadcrumb-sep awb-home\" ><a href=\"https:\/\/anicinabemikana.ca\/fr\" class=\"fusion-breadcrumb-link\"><span >Home<\/span><\/a><\/li><\/ol><\/nav><div class=\"fusion-title title fusion-title-1 fusion-sep-none fusion-title-text fusion-title-size-one\" style=\"--awb-margin-top:40px;--awb-margin-bottom:0px;--awb-margin-top-small:0px;--awb-margin-right-small:0px;--awb-margin-bottom-small:20px;--awb-margin-left-small:0px;\"><h1 class=\"fusion-title-heading title-heading-left fusion-responsive-typography-calculated\" style=\"margin:0;--fontSize:60;line-height:1;\">Politique d'accessibilit\u00e9<\/h1><\/div><\/div><\/div><\/div><\/div><div class=\"fusion-fullwidth fullwidth-box fusion-builder-row-2 fusion-flex-container has-pattern-background has-mask-background fusion-parallax-none nonhundred-percent-fullwidth non-hundred-percent-height-scrolling lazyload sep-mobile fusion-custom-z-index\" style=\"--awb-background-position:center top;--awb-border-radius-top-left:0px;--awb-border-radius-top-right:0px;--awb-border-radius-bottom-right:0px;--awb-border-radius-bottom-left:0px;--awb-z-index:10;--awb-margin-bottom:-100px;--awb-min-height:101px;--awb-background-color:rgba(255,255,255,0);--awb-background-size:contain;--awb-flex-wrap:wrap;\" data-bg=\"https:\/\/anicinabemikana.ca\/wp-content\/uploads\/2025\/03\/Separator-top.svg\" ><div class=\"fusion-builder-row fusion-row fusion-flex-align-items-flex-start fusion-flex-content-wrap\" style=\"max-width:1248px;margin-left: calc(-4% \/ 2 );margin-right: calc(-4% \/ 2 );\"><\/div><\/div><div class=\"fusion-fullwidth fullwidth-box fusion-builder-row-3 fusion-flex-container has-pattern-background has-mask-background nonhundred-percent-fullwidth non-hundred-percent-height-scrolling\" style=\"--awb-border-radius-top-left:0px;--awb-border-radius-top-right:0px;--awb-border-radius-bottom-right:0px;--awb-border-radius-bottom-left:0px;--awb-padding-top:90px;--awb-padding-bottom:30px;--awb-padding-top-small:60px;--awb-padding-bottom-small:60px;--awb-background-color:var(--awb-custom10);--awb-flex-wrap:wrap;\" ><div class=\"fusion-builder-row fusion-row fusion-flex-align-items-flex-start fusion-flex-content-wrap\" style=\"max-width:1248px;margin-left: calc(-4% \/ 2 );margin-right: calc(-4% \/ 2 );\"><div class=\"fusion-layout-column fusion_builder_column fusion-builder-column-1 fusion_builder_column_2_3 2_3 fusion-flex-column\" style=\"--awb-bg-size:cover;--awb-width-large:66.666666666667%;--awb-margin-top-large:60px;--awb-spacing-right-large:2.88%;--awb-margin-bottom-large:60px;--awb-spacing-left-large:2.88%;--awb-width-medium:80%;--awb-order-medium:0;--awb-spacing-right-medium:2.4%;--awb-spacing-left-medium:2.4%;--awb-width-small:100%;--awb-order-small:0;--awb-margin-top-small:0;--awb-spacing-right-small:1.92%;--awb-margin-bottom-small:0;--awb-spacing-left-small:1.92%;\"><div class=\"fusion-column-wrapper fusion-column-has-shadow fusion-flex-justify-content-flex-start fusion-content-layout-column\"><div class=\"fusion-text fusion-text-1\"><p>Le centre, construit sur un seul niveau, sera enti\u00e8rement accessible aux personnes en fauteuil roulant et aux personnes malvoyantes. Notre b\u00e2timent r\u00e9pondra aux normes d'accessibilit\u00e9 les plus strictes dans tous les domaines et d\u00e9passera les normes dans les domaines suivants :<\/p>\n<ul>\n<li>Acc\u00e8s et circulation<\/li>\n<li>Toilettes<\/li>\n<li>Bureaux, espaces de travail, salles de r\u00e9union<\/li>\n<li>Tables, comptoirs, surfaces de travail<\/li>\n<li>Comptoirs d'information, d'accueil et de service<\/li>\n<li>Zones d'embarquement des passagers<\/li>\n<li>Bancs<\/li>\n<li>Autre - Espace d'exposition<\/li>\n<li>Sorties de secours, \u00e9vacuation, etc.<\/li>\n<li>Alarmes visuelles<\/li>\n<li>Signalisation<\/li>\n<li>Syst\u00e8mes d'acc\u00e8s par carte, de s\u00e9curit\u00e9 et de s\u00fbret\u00e9<\/li>\n<\/ul>\n<\/div><\/div><\/div><\/div><\/div><\/p>","protected":false},"excerpt":{"rendered":"","protected":false},"author":2,"featured_media":0,"parent":0,"menu_order":0,"comment_status":"closed","ping_status":"closed","template":"100-width.php","meta":{"_acf_changed":false,"_exactmetrics_skip_tracking":false,"_exactmetrics_sitenote_active":false,"_exactmetrics_sitenote_note":"","_exactmetrics_sitenote_category":0,"footnotes":""},"class_list":["post-358","page","type-page","status-publish","hentry"],"acf":[],"yoast_head":"<!-- This site is optimized with the Yoast SEO plugin v27.4 - https:\/\/yoast.com\/product\/yoast-seo-wordpress\/ -->\n<title>Accessibility Policy - Anicinabe Mikana Cultural Centre<\/title>\n<meta name=\"description\" content=\"The Centre is built on one level and will be fully wheelchair and visually-impaired accessible. Our building will meet the highest published accessibility standards in all areas.\" \/>\n<meta name=\"robots\" content=\"index, follow, max-snippet:-1, max-image-preview:large, max-video-preview:-1\" \/>\n<link rel=\"canonical\" href=\"https:\/\/anicinabemikana.ca\/fr\/accessibility-policy\/\" \/>\n<meta property=\"og:locale\" content=\"fr_CA\" \/>\n<meta property=\"og:type\" content=\"article\" \/>\n<meta property=\"og:title\" content=\"Accessibility Policy - Anicinabe Mikana Cultural Centre\" \/>\n<meta property=\"og:description\" content=\"The Centre is built on one level and will be fully wheelchair and visually-impaired accessible. Our building will meet the highest published accessibility standards in all areas.\" \/>\n<meta property=\"og:url\" content=\"https:\/\/anicinabemikana.ca\/fr\/accessibility-policy\/\" \/>\n<meta property=\"og:site_name\" content=\"Anicinabe Mikana Cultural Centre\" \/>\n<meta property=\"article:modified_time\" content=\"2025-06-17T13:25:15+00:00\" \/>\n<meta property=\"og:image\" content=\"https:\/\/anicinabemikana.ca\/wp-content\/uploads\/2025\/07\/Share-image.png\" \/>\n\t<meta property=\"og:image:width\" content=\"1200\" \/>\n\t<meta property=\"og:image:height\" content=\"630\" \/>\n\t<meta property=\"og:image:type\" content=\"image\/png\" \/>\n<meta name=\"twitter:card\" content=\"summary_large_image\" \/>\n<meta name=\"twitter:label1\" content=\"Estimation du temps de lecture\" \/>\n\t<meta name=\"twitter:data1\" content=\"1 minute\" \/>\n<script type=\"application\/ld+json\" class=\"yoast-schema-graph\">{\"@context\":\"https:\\\/\\\/schema.org\",\"@graph\":[{\"@type\":\"WebPage\",\"@id\":\"https:\\\/\\\/anicinabemikana.ca\\\/accessibility-policy\\\/\",\"url\":\"https:\\\/\\\/anicinabemikana.ca\\\/accessibility-policy\\\/\",\"name\":\"Accessibility Policy - Anicinabe Mikana Cultural Centre\",\"isPartOf\":{\"@id\":\"https:\\\/\\\/anicinabemikana.ca\\\/#website\"},\"datePublished\":\"2025-04-02T19:36:33+00:00\",\"dateModified\":\"2025-06-17T13:25:15+00:00\",\"description\":\"The Centre is built on one level and will be fully wheelchair and visually-impaired accessible. Our building will meet the highest published accessibility standards in all areas.\",\"breadcrumb\":{\"@id\":\"https:\\\/\\\/anicinabemikana.ca\\\/accessibility-policy\\\/#breadcrumb\"},\"inLanguage\":\"fr-CA\",\"potentialAction\":[{\"@type\":\"ReadAction\",\"target\":[\"https:\\\/\\\/anicinabemikana.ca\\\/accessibility-policy\\\/\"]}]},{\"@type\":\"BreadcrumbList\",\"@id\":\"https:\\\/\\\/anicinabemikana.ca\\\/accessibility-policy\\\/#breadcrumb\",\"itemListElement\":[{\"@type\":\"ListItem\",\"position\":1,\"name\":\"Home\",\"item\":\"https:\\\/\\\/anicinabemikana.ca\\\/\"},{\"@type\":\"ListItem\",\"position\":2,\"name\":\"Accessibility Policy\"}]},{\"@type\":\"WebSite\",\"@id\":\"https:\\\/\\\/anicinabemikana.ca\\\/#website\",\"url\":\"https:\\\/\\\/anicinabemikana.ca\\\/\",\"name\":\"Anicinabe Mikana Cultural Centre\",\"description\":\"\",\"potentialAction\":[{\"@type\":\"SearchAction\",\"target\":{\"@type\":\"EntryPoint\",\"urlTemplate\":\"https:\\\/\\\/anicinabemikana.ca\\\/?s={search_term_string}\"},\"query-input\":{\"@type\":\"PropertyValueSpecification\",\"valueRequired\":true,\"valueName\":\"search_term_string\"}}],\"inLanguage\":\"fr-CA\"}]}<\/script>\n<!-- \/ Yoast SEO plugin. -->","yoast_head_json":{"title":"Accessibility Policy - Anicinabe Mikana Cultural Centre","description":"The Centre is built on one level and will be fully wheelchair and visually-impaired accessible. Our building will meet the highest published accessibility standards in all areas.","robots":{"index":"index","follow":"follow","max-snippet":"max-snippet:-1","max-image-preview":"max-image-preview:large","max-video-preview":"max-video-preview:-1"},"canonical":"https:\/\/anicinabemikana.ca\/fr\/accessibility-policy\/","og_locale":"fr_CA","og_type":"article","og_title":"Accessibility Policy - Anicinabe Mikana Cultural Centre","og_description":"The Centre is built on one level and will be fully wheelchair and visually-impaired accessible. Our building will meet the highest published accessibility standards in all areas.","og_url":"https:\/\/anicinabemikana.ca\/fr\/accessibility-policy\/","og_site_name":"Anicinabe Mikana Cultural Centre","article_modified_time":"2025-06-17T13:25:15+00:00","og_image":[{"width":1200,"height":630,"url":"https:\/\/anicinabemikana.ca\/wp-content\/uploads\/2025\/07\/Share-image.png","type":"image\/png"}],"twitter_card":"summary_large_image","twitter_misc":{"Estimation du temps de lecture":"1 minute"},"schema":{"@context":"https:\/\/schema.org","@graph":[{"@type":"WebPage","@id":"https:\/\/anicinabemikana.ca\/accessibility-policy\/","url":"https:\/\/anicinabemikana.ca\/accessibility-policy\/","name":"Accessibility Policy - Anicinabe Mikana Cultural Centre","isPartOf":{"@id":"https:\/\/anicinabemikana.ca\/#website"},"datePublished":"2025-04-02T19:36:33+00:00","dateModified":"2025-06-17T13:25:15+00:00","description":"The Centre is built on one level and will be fully wheelchair and visually-impaired accessible. Our building will meet the highest published accessibility standards in all areas.","breadcrumb":{"@id":"https:\/\/anicinabemikana.ca\/accessibility-policy\/#breadcrumb"},"inLanguage":"fr-CA","potentialAction":[{"@type":"ReadAction","target":["https:\/\/anicinabemikana.ca\/accessibility-policy\/"]}]},{"@type":"BreadcrumbList","@id":"https:\/\/anicinabemikana.ca\/accessibility-policy\/#breadcrumb","itemListElement":[{"@type":"ListItem","position":1,"name":"Home","item":"https:\/\/anicinabemikana.ca\/"},{"@type":"ListItem","position":2,"name":"Accessibility Policy"}]},{"@type":"WebSite","@id":"https:\/\/anicinabemikana.ca\/#website","url":"https:\/\/anicinabemikana.ca\/","name":"Anicinabe Mikana Cultural Centre","description":"","potentialAction":[{"@type":"SearchAction","target":{"@type":"EntryPoint","urlTemplate":"https:\/\/anicinabemikana.ca\/?s={search_term_string}"},"query-input":{"@type":"PropertyValueSpecification","valueRequired":true,"valueName":"search_term_string"}}],"inLanguage":"fr-CA"}]}},"_links":{"self":[{"href":"https:\/\/anicinabemikana.ca\/fr\/wp-json\/wp\/v2\/pages\/358","targetHints":{"allow":["GET"]}}],"collection":[{"href":"https:\/\/anicinabemikana.ca\/fr\/wp-json\/wp\/v2\/pages"}],"about":[{"href":"https:\/\/anicinabemikana.ca\/fr\/wp-json\/wp\/v2\/types\/page"}],"author":[{"embeddable":true,"href":"https:\/\/anicinabemikana.ca\/fr\/wp-json\/wp\/v2\/users\/2"}],"replies":[{"embeddable":true,"href":"https:\/\/anicinabemikana.ca\/fr\/wp-json\/wp\/v2\/comments?post=358"}],"version-history":[{"count":1,"href":"https:\/\/anicinabemikana.ca\/fr\/wp-json\/wp\/v2\/pages\/358\/revisions"}],"predecessor-version":[{"id":1249,"href":"https:\/\/anicinabemikana.ca\/fr\/wp-json\/wp\/v2\/pages\/358\/revisions\/1249"}],"wp:attachment":[{"href":"https:\/\/anicinabemikana.ca\/fr\/wp-json\/wp\/v2\/media?parent=358"}],"curies":[{"name":"wp","href":"https:\/\/api.w.org\/{rel}","templated":true}]}}